{"id":94771,"date":"2023-04-09T11:34:23","date_gmt":"2023-04-09T11:34:23","guid":{"rendered":"https:\/\/orion.designpik.net\/?page_id=26439"},"modified":"2024-03-27T18:35:32","modified_gmt":"2024-03-27T21:35:32","slug":"blog","status":"publish","type":"page","link":"https:\/\/argo.com.vc\/en\/blog\/","title":{"rendered":"Blog"},"content":{"rendered":"[et_pb_section fb_built=&#8221;1&#8243; custom_padding_last_edited=&#8221;on|phone&#8221; _builder_version=&#8221;4.20.2&#8243; _module_preset=&#8221;default&#8221; custom_padding_tablet=&#8221;0px||||false|false&#8221; custom_padding_phone=&#8221;0px||||false|false&#8221; global_colors_info=&#8221;{}&#8221; custom_padding=&#8221;6px||0px|||&#8221; da_is_popup=&#8221;off&#8221; da_exit_intent=&#8221;off&#8221; da_has_close=&#8221;on&#8221; da_alt_close=&#8221;off&#8221; da_dark_close=&#8221;off&#8221; da_not_modal=&#8221;on&#8221; da_is_singular=&#8221;off&#8221; da_with_loader=&#8221;off&#8221; da_has_shadow=&#8221;on&#8221; da_disable_devices=&#8221;off|off|off&#8221;][et_pb_row _builder_version=&#8221;4.20.2&#8243; _module_preset=&#8221;default&#8221; width=&#8221;100%&#8221; width_tablet=&#8221;90%&#8221; width_phone=&#8221;96%&#8221; width_last_edited=&#8221;on|phone&#8221; max_width_tablet=&#8221;&#8221; max_width_phone=&#8221;96%&#8221; max_width_last_edited=&#8221;on|phone&#8221; global_colors_info=&#8221;{}&#8221;][et_pb_column type=&#8221;4_4&#8243; _builder_version=&#8221;4.19.5&#8243; _module_preset=&#8221;default&#8221; global_colors_info=&#8221;{}&#8221;][et_pb_text _builder_version=&#8221;4.24.2&#8243; _module_preset=&#8221;default&#8221; text_font=&#8221;|700|||||||&#8221; text_text_color=&#8221;#212529&#8243; text_font_size=&#8221;18px&#8221; link_font=&#8221;Fraunces|700|on||||||&#8221; link_text_color=&#8221;#000000&#8243; header_font=&#8221;|300|||||||&#8221; header_text_align=&#8221;left&#8221; header_text_color=&#8221;#000000&#8243; header_font_size=&#8221;47px&#8221; header_line_height=&#8221;1.2em&#8221; width_tablet=&#8221;100%&#8221; width_phone=&#8221;100%&#8221; width_last_edited=&#8221;off|desktop&#8221; module_alignment=&#8221;center&#8221; header_text_align_tablet=&#8221;left&#8221; header_text_align_phone=&#8221;left&#8221; header_text_align_last_edited=&#8221;on|phone&#8221; header_font_size_tablet=&#8221;40px&#8221; header_font_size_phone=&#8221;&#8221; header_font_size_last_edited=&#8221;on|phone&#8221; header_line_height_tablet=&#8221;1.2em&#8221; header_line_height_phone=&#8221;1.5em&#8221; header_line_height_last_edited=&#8221;on|phone&#8221; module_alignment_tablet=&#8221;center&#8221; module_alignment_phone=&#8221;left&#8221; module_alignment_last_edited=&#8221;on|phone&#8221; global_colors_info=&#8221;{}&#8221; link_text_color__hover_enabled=&#8221;on|hover&#8221; link_text_color__hover=&#8221;#ff5a5f&#8221;]<h1>Blog<\/h1>\n<p style=\"font-weight: 400;\"><b>ARGO TAMB\u00c9M \u00c9 INFORMA\u00c7\u00c3O<\/b><\/p>\n<p style=\"font-weight: 400;\">Fique por dentro das principais not\u00edcias do setor imobili\u00e1rio.<\/p>\n<p style=\"font-weight: 400;\">As tend\u00eancias de mercado, lan\u00e7amentos e condi\u00e7\u00f5es exclusivas e especiais para adquirir o seu Argo\u00a0voc\u00ea encontra aqui.\u00a0<\/p>[\/et_pb_text][\/et_pb_column][\/et_pb_row][\/et_pb_section][et_pb_section fb_built=&#8221;1&#8243; _builder_version=&#8221;4.20.2&#8243; _module_preset=&#8221;default&#8221; custom_padding=&#8221;0px||0px||true|false&#8221; global_colors_info=&#8221;{}&#8221; da_is_popup=&#8221;off&#8221; da_exit_intent=&#8221;off&#8221; da_has_close=&#8221;on&#8221; da_alt_close=&#8221;off&#8221; da_dark_close=&#8221;off&#8221; da_not_modal=&#8221;on&#8221; da_is_singular=&#8221;off&#8221; da_with_loader=&#8221;off&#8221; da_has_shadow=&#8221;on&#8221; da_disable_devices=&#8221;off|off|off&#8221;][et_pb_row _builder_version=&#8221;4.24.2&#8243; _module_preset=&#8221;default&#8221; global_colors_info=&#8221;{}&#8221;][et_pb_column type=&#8221;4_4&#8243; _builder_version=&#8221;4.24.2&#8243; _module_preset=&#8221;default&#8221; global_colors_info=&#8221;{}&#8221;][et_pb_text _builder_version=&#8221;4.24.2&#8243; _module_preset=&#8221;default&#8221; hover_enabled=&#8221;0&#8243; global_colors_info=&#8221;{}&#8221; sticky_enabled=&#8221;0&#8243;]<form data-min-no-for-search=\"1\" data-result-box-max-height=\"400\" data-form-id=\"96608\" class=\"is-search-form is-disable-submit is-form-style is-form-style-3 is-form-id-96608 is-ajax-search\" action=\"https:\/\/argo.com.vc\/en\/\" method=\"get\" role=\"search\" data-trp-original-action=\"https:\/\/argo.com.vc\/en\/\" ><label for=\"is-search-input-96608\"><span class=\"is-screen-reader-text\">Search for:<\/span><input  type=\"search\" id=\"is-search-input-96608\" name=\"s\" value=\"\" class=\"is-search-input\" placeholder=\"Search here...\" autocomplete=\"off\" \/><span class=\"is-loader-image\" style=\"display: none;background-image:url(https:\/\/argo.com.vc\/wp-content\/plugins\/add-search-to-menu\/public\/images\/spinner.gif);\" ><\/span><\/label><button type=\"submit\" class=\"is-search-submit\"><span class=\"is-screen-reader-text\">Search Button<\/span><span class=\"is-search-icon\"><svg focusable=\"false\" aria-label=\"Search\" xmlns=\"http:\/\/www.w3.org\/2000\/svg\" viewbox=\"0 0 24 24\" width=\"24px\"><path d=\"M15.5 14h-.79l-.28-.27C15.41 12.59 16 11.11 16 9.5 16 5.91 13.09 3 9.5 3S3 5.91 3 9.5 5.91 16 9.5 16c1.61 0 3.09-.59 4.23-1.57l.27.28v.79l5 4.99L20.49 19l-4.99-5zm-6 0C7.01 14 5 11.99 5 9.5S7.01 5 9.5 5 14 7.01 14 9.5 11.99 14 9.5 14z\"><\/path><\/svg><\/span><\/button><input type=\"hidden\" name=\"id\" value=\"96608\" \/><input type=\"hidden\" name=\"post_type\" value=\"post\" \/><input type=\"hidden\" name=\"trp-form-language\" value=\"en\"\/><\/form>[\/et_pb_text][et_pb_blog fullwidth=&#8221;off&#8221; posts_number=&#8221;12&#8243; _builder_version=&#8221;4.24.2&#8243; _module_preset=&#8221;default&#8221; hover_enabled=&#8221;0&#8243; global_colors_info=&#8221;{}&#8221; meta_date=&#8221;d\/m\/Y&#8221; show_author=&#8221;off&#8221; show_more=&#8221;on&#8221; border_radii=&#8221;on|20px|20px|20px|20px&#8221; border_color_all=&#8221;#f4f4f4&#8243; box_shadow_style=&#8221;preset3&#8243; custom_css_content=&#8221;min-height: 230px !important&#8221; sticky_enabled=&#8221;0&#8243; header_text_color=&#8221;#5D0036&#8243; header_font=&#8221;|600|||||||&#8221;][\/et_pb_blog][\/et_pb_column][\/et_pb_row][\/et_pb_section][et_pb_section fb_built=&#8221;1&#8243; admin_label=&#8221;Post Carousels Code&#8221; _builder_version=&#8221;4.19.5&#8243; _module_preset=&#8221;default&#8221; background_enable_color=&#8221;off&#8221; custom_margin=&#8221;0px||0px||true|false&#8221; custom_padding=&#8221;0px||0px||true|false&#8221; locked=&#8221;off&#8221; global_colors_info=&#8221;{}&#8221; da_is_popup=&#8221;off&#8221; da_exit_intent=&#8221;off&#8221; da_has_close=&#8221;on&#8221; da_alt_close=&#8221;off&#8221; da_dark_close=&#8221;off&#8221; da_not_modal=&#8221;on&#8221; da_is_singular=&#8221;off&#8221; da_with_loader=&#8221;off&#8221; da_has_shadow=&#8221;on&#8221; da_disable_devices=&#8221;off|off|off&#8221;][et_pb_row _builder_version=&#8221;4.17.4&#8243; _module_preset=&#8221;default&#8221; custom_margin=&#8221;0px||0px||true|false&#8221; custom_padding=&#8221;0px||0px||true|false&#8221; global_colors_info=&#8221;{}&#8221;][et_pb_column type=&#8221;4_4&#8243; _builder_version=&#8221;4.17.4&#8243; _module_preset=&#8221;default&#8221; global_colors_info=&#8221;{}&#8221;][et_pb_code admin_label=&#8221;JS&#8221; _builder_version=&#8221;4.18.1&#8243; _module_preset=&#8221;default&#8221; custom_margin=&#8221;||||false|false&#8221; locked=&#8221;off&#8221; global_colors_info=&#8221;{}&#8221;]<!-- CSS --><!-- [et_pb_line_break_holder] --><link rel=\"stylesheet\" href=\"https:\/\/unpkg.com\/flickity@2.2.1\/dist\/flickity.min.css\"><!-- [et_pb_line_break_holder] --><!-- [et_pb_line_break_holder] --><!-- JavaScript --><!-- [et_pb_line_break_holder] --><script src=\"https:\/\/unpkg.com\/flickity@2.2.1\/dist\/flickity.pkgd.min.js\" defer ><\/script><!-- [et_pb_line_break_holder] --><!-- [et_pb_line_break_holder] --><script><!-- [et_pb_line_break_holder] -->  $(document).ready(function() {<!-- [et_pb_line_break_holder] -->\/\/ Wrap the rows in a div<!-- [et_pb_line_break_holder] -->$( \".dp-flickity .carousel-cell\" ).wrapAll( \"<div class='dp-carousel'><\/div>\" );<!-- [et_pb_line_break_holder] -->});<!-- [et_pb_line_break_holder] -->  <!-- [et_pb_line_break_holder] --><\/script><!-- [et_pb_line_break_holder] --><!-- [et_pb_line_break_holder] --><!-- [et_pb_line_break_holder] --><script><!-- [et_pb_line_break_holder] -->  $(document).ready(function() {<!-- [et_pb_line_break_holder] -->$('.dp-carousel').flickity({<!-- [et_pb_line_break_holder] -->  cellAlign: 'center',<!-- [et_pb_line_break_holder] -->  contain: true,<!-- [et_pb_line_break_holder] -->  wrapAround: true,<!-- [et_pb_line_break_holder] -->  pageDots: false,<!-- [et_pb_line_break_holder] -->  autoPlay: true,<!-- [et_pb_line_break_holder] -->  pauseAutoPlayOnHover: true,<!-- [et_pb_line_break_holder] -->  prevNextButtons: false,<!-- [et_pb_line_break_holder] -->  autoPlay: 2500,<!-- [et_pb_line_break_holder] -->});<!-- [et_pb_line_break_holder] -->});<!-- [et_pb_line_break_holder] -->  <!-- [et_pb_line_break_holder] --><\/script><!-- [et_pb_line_break_holder] -->[\/et_pb_code][et_pb_code admin_label=&#8221;CSS&#8221; _builder_version=&#8221;4.17.6&#8243; _module_preset=&#8221;default&#8221; global_colors_info=&#8221;{}&#8221;]<style><!-- [et_pb_line_break_holder] --><!-- [et_pb_line_break_holder] -->.dp-carousel {<!-- [et_pb_line_break_holder] -->padding-right: 30px;<!-- [et_pb_line_break_holder] -->padding-left: 30px;<!-- [et_pb_line_break_holder] --> <!-- [et_pb_line_break_holder] -->}<!-- [et_pb_line_break_holder] -->@media only screen and (min-width: 981px) {<!-- [et_pb_line_break_holder] -->.dp-carousel {<!-- [et_pb_line_break_holder] -->max-width: 1546px;<!-- [et_pb_line_break_holder] -->margin: 0 auto;<!-- [et_pb_line_break_holder] -->padding-right: 50px;<!-- [et_pb_line_break_holder] -->padding-left: 50px;<!-- [et_pb_line_break_holder] -->}<!-- [et_pb_line_break_holder] -->}<!-- [et_pb_line_break_holder] --><!-- [et_pb_line_break_holder] -->.flickity-button {<!-- [et_pb_line_break_holder] -->background: hsl(0deg 0% 100%);<!-- [et_pb_line_break_holder] -->Color: #111;<!-- [et_pb_line_break_holder] -->width: 50px !important;<!-- [et_pb_line_break_holder] -->height: 50px !important;<!-- [et_pb_line_break_holder] -->}<!-- [et_pb_line_break_holder] -->.flickity-button:hover {<!-- [et_pb_line_break_holder] -->background: #FF3951!important;<!-- [et_pb_line_break_holder] -->color: #fff !important;<!-- [et_pb_line_break_holder] -->transition: transform 350ms ease, box-shadow 350ms ease, background-color 350ms ease, color 350ms ease, -webkit-transform 350ms ease;<!-- [et_pb_line_break_holder] -->}<!-- [et_pb_line_break_holder] --><!-- [et_pb_line_break_holder] -->body #main-content .carousel-cell {<!-- [et_pb_line_break_holder] -->  margin-right: 50px !important;<!-- [et_pb_line_break_holder] -->  margin-left: 50px !important;<!-- [et_pb_line_break_holder] -->  <!-- [et_pb_line_break_holder] -->}<!-- [et_pb_line_break_holder] --><\/style>[\/et_pb_code][\/et_pb_column][\/et_pb_row][\/et_pb_section]","protected":false},"excerpt":{"rendered":"<p>Blog ARGO TAMB\u00c9M \u00c9 INFORMA\u00c7\u00c3O Fique por dentro das principais not\u00edcias do setor imobili\u00e1rio. As tend\u00eancias de mercado, lan\u00e7amentos e condi\u00e7\u00f5es exclusivas e especiais para adquirir o seu Argo\u00a0voc\u00ea encontra aqui.\u00a0<form data-min-no-for-search=\"1\" data-result-box-max-height=\"400\" data-form-id=\"96608\" class=\"is-search-form is-disable-submit is-form-style is-form-style-3 is-form-id-96608 is-ajax-search\" action=\"https:\/\/argo.com.vc\/en\/\" method=\"get\" role=\"search\" data-trp-original-action=\"https:\/\/argo.com.vc\/en\/\" ><label for=\"is-search-input-96608\"><span class=\"is-screen-reader-text\">Search for:<\/span><input  type=\"search\" id=\"is-search-input-96608\" name=\"s\" value=\"\" class=\"is-search-input\" placeholder=\"Search here...\" autocomplete=\"off\" \/><span class=\"is-loader-image\" style=\"display: none;background-image:url(https:\/\/argo.com.vc\/wp-content\/plugins\/add-search-to-menu\/public\/images\/spinner.gif);\" ><\/span><\/label><button type=\"submit\" class=\"is-search-submit\"><span class=\"is-screen-reader-text\">Search Button<\/span><span class=\"is-search-icon\"><svg focusable=\"false\" aria-label=\"Search\" xmlns=\"http:\/\/www.w3.org\/2000\/svg\" viewbox=\"0 0 24 24\" width=\"24px\"><path d=\"M15.5 14h-.79l-.28-.27C15.41 12.59 16 11.11 16 9.5 16 5.91 13.09 3 9.5 3S3 5.91 3 9.5 5.91 16 9.5 16c1.61 0 3.09-.59 4.23-1.57l.27.28v.79l5 4.99L20.49 19l-4.99-5zm-6 0C7.01 14 5 11.99 5 9.5S7.01 5 9.5 5 14 7.01 14 9.5 11.99 14 9.5 14z\"><\/path><\/svg><\/span><\/button><input type=\"hidden\" name=\"id\" value=\"96608\" \/><input type=\"hidden\" name=\"post_type\" value=\"post\" \/><input type=\"hidden\" name=\"trp-form-language\" value=\"en\"\/><\/form><\/p>","protected":false},"author":1,"featured_media":0,"parent":0,"menu_order":0,"comment_status":"closed","ping_status":"closed","template":"","meta":{"_acf_changed":false,"_et_pb_use_builder":"on","_et_pb_old_content":"<!-- wp:divi\/placeholder \/-->","_et_gb_content_width":"","inline_featured_image":false,"footnotes":""},"class_list":["post-94771","page","type-page","status-publish","hentry"],"acf":[],"_links":{"self":[{"href":"https:\/\/argo.com.vc\/en\/wp-json\/wp\/v2\/pages\/94771","targetHints":{"allow":["GET"]}}],"collection":[{"href":"https:\/\/argo.com.vc\/en\/wp-json\/wp\/v2\/pages"}],"about":[{"href":"https:\/\/argo.com.vc\/en\/wp-json\/wp\/v2\/types\/page"}],"author":[{"embeddable":true,"href":"https:\/\/argo.com.vc\/en\/wp-json\/wp\/v2\/users\/1"}],"replies":[{"embeddable":true,"href":"https:\/\/argo.com.vc\/en\/wp-json\/wp\/v2\/comments?post=94771"}],"version-history":[{"count":0,"href":"https:\/\/argo.com.vc\/en\/wp-json\/wp\/v2\/pages\/94771\/revisions"}],"wp:attachment":[{"href":"https:\/\/argo.com.vc\/en\/wp-json\/wp\/v2\/media?parent=94771"}],"curies":[{"name":"wp","href":"https:\/\/api.w.org\/{rel}","templated":true}]}}